{"id":15,"date":"2021-11-21T15:14:41","date_gmt":"2021-11-21T15:14:41","guid":{"rendered":"https:\/\/o2porlavida.es\/services\/"},"modified":"2026-03-19T18:15:32","modified_gmt":"2026-03-19T18:15:32","slug":"projects","status":"publish","type":"page","link":"https:\/\/o2porlavida.es\/es\/projects\/","title":{"rendered":"Proyectos"},"content":{"rendered":"<div data-elementor-type=\"wp-page\" data-elementor-id=\"15\" class=\"elementor elementor-15\">\n\t\t\t\t\t\t<section class=\"elementor-section elementor-top-section elementor-element elementor-element-8157e71 elementor-section-full_width elementor-section-height-default elementor-section-height-default\" data-id=\"8157e71\" data-element_type=\"section\" data-e-type=\"section\">\n\t\t\t\t\t\t<div class=\"elementor-container elementor-column-gap-default\">\n\t\t\t\t\t<div class=\"elementor-column elementor-col-50 elementor-top-column elementor-element elementor-element-400a51f\" data-id=\"400a51f\" data-element_type=\"column\" data-e-type=\"column\" data-settings=\"{&quot;background_background&quot;:&quot;classic&quot;}\">\n\t\t\t<div class=\"elementor-widget-wrap elementor-element-populated\">\n\t\t\t\t\t\t<div class=\"elementor-element elementor-element-8d1da40 elementor-widget-mobile__width-inherit elementor-widget elementor-widget-image\" data-id=\"8d1da40\" data-element_type=\"widget\" data-e-type=\"widget\" data-widget_type=\"image.default\">\n\t\t\t\t<div class=\"elementor-widget-container\">\n\t\t\t\t\t\t\t\t\t\t\t\t\t\t\t<img fetchpriority=\"high\" decoding=\"async\" width=\"1024\" height=\"768\" src=\"https:\/\/o2porlavida.es\/wp-content\/uploads\/2023\/04\/Imagen-de-WhatsApp-2023-03-31-a-las-14.04.18-1024x768.jpg\" class=\"attachment-large size-large wp-image-2073\" alt=\"\" srcset=\"https:\/\/o2porlavida.es\/wp-content\/uploads\/2023\/04\/Imagen-de-WhatsApp-2023-03-31-a-las-14.04.18-1024x768.jpg 1024w, https:\/\/o2porlavida.es\/wp-content\/uploads\/2023\/04\/Imagen-de-WhatsApp-2023-03-31-a-las-14.04.18-300x225.jpg 300w, https:\/\/o2porlavida.es\/wp-content\/uploads\/2023\/04\/Imagen-de-WhatsApp-2023-03-31-a-las-14.04.18-768x576.jpg 768w, https:\/\/o2porlavida.es\/wp-content\/uploads\/2023\/04\/Imagen-de-WhatsApp-2023-03-31-a-las-14.04.18-1536x1152.jpg 1536w, https:\/\/o2porlavida.es\/wp-content\/uploads\/2023\/04\/Imagen-de-WhatsApp-2023-03-31-a-las-14.04.18-scaled.jpg 1800w\" sizes=\"(max-width: 1024px) 100vw, 1024px\" \/>\t\t\t\t\t\t\t\t\t\t\t\t\t\t\t<\/div>\n\t\t\t\t<\/div>\n\t\t\t\t\t<\/div>\n\t\t<\/div>\n\t\t\t\t<div class=\"elementor-column elementor-col-50 elementor-top-column elementor-element elementor-element-cc5adf3\" data-id=\"cc5adf3\" data-element_type=\"column\" data-e-type=\"column\" data-settings=\"{&quot;background_background&quot;:&quot;classic&quot;}\">\n\t\t\t<div class=\"elementor-widget-wrap elementor-element-populated\">\n\t\t\t\t\t\t<div class=\"elementor-element elementor-element-925831b elementor-widget elementor-widget-heading\" data-id=\"925831b\" data-element_type=\"widget\" data-e-type=\"widget\" data-widget_type=\"heading.default\">\n\t\t\t\t<div class=\"elementor-widget-container\">\n\t\t\t\t\t<h3 class=\"elementor-heading-title elementor-size-default\">Proyectos Locales<\/h3>\t\t\t\t<\/div>\n\t\t\t\t<\/div>\n\t\t\t\t<div class=\"elementor-element elementor-element-77be2a5 elementor-widget elementor-widget-text-editor\" data-id=\"77be2a5\" data-element_type=\"widget\" data-e-type=\"widget\" data-widget_type=\"text-editor.default\">\n\t\t\t\t<div class=\"elementor-widget-container\">\n\t\t\t\t\t\t\t\t\t<p class=\"translation-block\">Creemos que<strong> el cambio empieza a nivel local<\/strong>, y por eso nos comprometemos a trabajar con la comunidad canaria para crear un futuro mejor.<\/p><p class=\"translation-block\">Nuestra organizaci\u00f3n se dedica a promover <strong>la sostenibilidad y la protecci\u00f3n del medio ambiente a trav\u00e9s de diversos proyectos e iniciativas:<\/strong>.<\/p><ul><li>Actividades de voluntariados<\/li><li class=\"translation-block\">Organizaci\u00f3n de <strong>campamentos <\/strong>y <strong>talleres <\/strong>.<\/li><li class=\"translation-block\">Sensibilizar sobre la <strong>educaci\u00f3n medioambiental<\/strong>.<\/li><\/ul><p>\u00a0<\/p>\t\t\t\t\t\t\t\t<\/div>\n\t\t\t\t<\/div>\n\t\t\t\t<div class=\"elementor-element elementor-element-cf95685 elementor-mobile-align-center elementor-widget elementor-widget-button\" data-id=\"cf95685\" data-element_type=\"widget\" data-e-type=\"widget\" data-widget_type=\"button.default\">\n\t\t\t\t<div class=\"elementor-widget-container\">\n\t\t\t\t\t\t\t\t\t<div class=\"elementor-button-wrapper\">\n\t\t\t\t\t<a class=\"elementor-button elementor-button-link elementor-size-sm\" href=\"https:\/\/o2porlavida.es\/es\/category\/local-activity\/\">\n\t\t\t\t\t\t<span class=\"elementor-button-content-wrapper\">\n\t\t\t\t\t\t\t\t\t<span class=\"elementor-button-text\">Explorar<\/span>\n\t\t\t\t\t<\/span>\n\t\t\t\t\t<\/a>\n\t\t\t\t<\/div>\n\t\t\t\t\t\t\t\t<\/div>\n\t\t\t\t<\/div>\n\t\t\t\t\t<\/div>\n\t\t<\/div>\n\t\t\t\t\t<\/div>\n\t\t<\/section>\n\t\t\t\t<section class=\"elementor-section elementor-top-section elementor-element elementor-element-a8f7aed elementor-reverse-mobile elementor-section-boxed elementor-section-height-default elementor-section-height-default\" data-id=\"a8f7aed\" data-element_type=\"section\" data-e-type=\"section\">\n\t\t\t\t\t\t<div class=\"elementor-container elementor-column-gap-default\">\n\t\t\t\t\t<div class=\"elementor-column elementor-col-50 elementor-top-column elementor-element elementor-element-f1f2bc2\" data-id=\"f1f2bc2\" data-element_type=\"column\" data-e-type=\"column\" data-settings=\"{&quot;background_background&quot;:&quot;classic&quot;}\">\n\t\t\t<div class=\"elementor-widget-wrap elementor-element-populated\">\n\t\t\t\t\t\t<div class=\"elementor-element elementor-element-34a10af elementor-widget elementor-widget-heading\" data-id=\"34a10af\" data-element_type=\"widget\" data-e-type=\"widget\" data-widget_type=\"heading.default\">\n\t\t\t\t<div class=\"elementor-widget-container\">\n\t\t\t\t\t<h3 class=\"elementor-heading-title elementor-size-default\">Erasmus<\/h3>\t\t\t\t<\/div>\n\t\t\t\t<\/div>\n\t\t\t\t<div class=\"elementor-element elementor-element-dc0f3cb elementor-widget elementor-widget-text-editor\" data-id=\"dc0f3cb\" data-element_type=\"widget\" data-e-type=\"widget\" data-widget_type=\"text-editor.default\">\n\t\t\t\t<div class=\"elementor-widget-container\">\n\t\t\t\t\t\t\t\t\t<p data-sourcepos=\"7:1-7:72\" class=\"translation-block\">Nuestro experimentado equipo tiene un historial probado en <strong>intercambio de j\u00f3venes, formaci\u00f3n y seminarios.<\/strong> Muchos miembros han participado en programas de la UE como Erasmus para J\u00f3venes Emprendedores y el Servicio Voluntario Europeo.<\/p><p data-sourcepos=\"7:1-7:72\">Creemos que estos programas fomentan la colaboraci\u00f3n y crean un impacto real.<\/p><p data-sourcepos=\"9:1-9:126\" class=\"translation-block\"><strong>\u00a1Trabajemos juntos!<\/strong> P\u00f3ngase en contacto con nosotros para participar o acordar posibles colaboraciones.<\/p>\t\t\t\t\t\t\t\t<\/div>\n\t\t\t\t<\/div>\n\t\t\t\t<div class=\"elementor-element elementor-element-efe5400 elementor-mobile-align-center elementor-widget elementor-widget-button\" data-id=\"efe5400\" data-element_type=\"widget\" data-e-type=\"widget\" data-widget_type=\"button.default\">\n\t\t\t\t<div class=\"elementor-widget-container\">\n\t\t\t\t\t\t\t\t\t<div class=\"elementor-button-wrapper\">\n\t\t\t\t\t<a class=\"elementor-button elementor-button-link elementor-size-sm\" href=\"https:\/\/o2porlavida.es\/es\/category\/erasmus\/\">\n\t\t\t\t\t\t<span class=\"elementor-button-content-wrapper\">\n\t\t\t\t\t\t\t\t\t<span class=\"elementor-button-text\">Explorar<\/span>\n\t\t\t\t\t<\/span>\n\t\t\t\t\t<\/a>\n\t\t\t\t<\/div>\n\t\t\t\t\t\t\t\t<\/div>\n\t\t\t\t<\/div>\n\t\t\t\t\t<\/div>\n\t\t<\/div>\n\t\t\t\t<div class=\"elementor-column elementor-col-50 elementor-top-column elementor-element elementor-element-02bda06\" data-id=\"02bda06\" data-element_type=\"column\" data-e-type=\"column\" data-settings=\"{&quot;background_background&quot;:&quot;classic&quot;}\">\n\t\t\t<div class=\"elementor-widget-wrap elementor-element-populated\">\n\t\t\t\t\t\t<div class=\"elementor-element elementor-element-087cd5c elementor-widget-mobile__width-inherit elementor-widget elementor-widget-image\" data-id=\"087cd5c\" data-element_type=\"widget\" data-e-type=\"widget\" data-widget_type=\"image.default\">\n\t\t\t\t<div class=\"elementor-widget-container\">\n\t\t\t\t\t\t\t\t\t\t\t\t\t\t\t<img decoding=\"async\" width=\"1024\" height=\"1024\" data-src=\"https:\/\/o2porlavida.es\/wp-content\/uploads\/2023\/10\/1697805024825-1024x1024.jpg\" class=\"attachment-large size-large wp-image-2189 lazyload\" alt=\"\" data-srcset=\"https:\/\/o2porlavida.es\/wp-content\/uploads\/2023\/10\/1697805024825-1024x1024.jpg 1024w, https:\/\/o2porlavida.es\/wp-content\/uploads\/2023\/10\/1697805024825-300x300.jpg 300w, https:\/\/o2porlavida.es\/wp-content\/uploads\/2023\/10\/1697805024825-150x150.jpg 150w, https:\/\/o2porlavida.es\/wp-content\/uploads\/2023\/10\/1697805024825-768x768.jpg 768w, https:\/\/o2porlavida.es\/wp-content\/uploads\/2023\/10\/1697805024825.jpg 1080w\" data-sizes=\"(max-width: 1024px) 100vw, 1024px\" src=\"data:image\/svg+xml;base64,PHN2ZyB3aWR0aD0iMSIgaGVpZ2h0PSIxIiB4bWxucz0iaHR0cDovL3d3dy53My5vcmcvMjAwMC9zdmciPjwvc3ZnPg==\" style=\"--smush-placeholder-width: 1024px; --smush-placeholder-aspect-ratio: 1024\/1024;\" \/>\t\t\t\t\t\t\t\t\t\t\t\t\t\t\t<\/div>\n\t\t\t\t<\/div>\n\t\t\t\t\t<\/div>\n\t\t<\/div>\n\t\t\t\t\t<\/div>\n\t\t<\/section>\n\t\t\t\t<section class=\"elementor-section elementor-top-section elementor-element elementor-element-313a1ba elementor-reverse-mobile elementor-section-boxed elementor-section-height-default elementor-section-height-default\" data-id=\"313a1ba\" data-element_type=\"section\" data-e-type=\"section\">\n\t\t\t\t\t\t<div class=\"elementor-container elementor-column-gap-default\">\n\t\t\t\t\t<div class=\"elementor-column elementor-col-50 elementor-top-column elementor-element elementor-element-ddff12f\" data-id=\"ddff12f\" data-element_type=\"column\" data-e-type=\"column\" data-settings=\"{&quot;background_background&quot;:&quot;classic&quot;}\">\n\t\t\t<div class=\"elementor-widget-wrap elementor-element-populated\">\n\t\t\t\t\t\t<div class=\"elementor-element elementor-element-4f3b33b elementor-widget elementor-widget-heading\" data-id=\"4f3b33b\" data-element_type=\"widget\" data-e-type=\"widget\" data-widget_type=\"heading.default\">\n\t\t\t\t<div class=\"elementor-widget-container\">\n\t\t\t\t\t<h3 class=\"elementor-heading-title elementor-size-default\">Otros Proyectos<\/h3>\t\t\t\t<\/div>\n\t\t\t\t<\/div>\n\t\t\t\t<div class=\"elementor-element elementor-element-bbd6665 elementor-widget elementor-widget-text-editor\" data-id=\"bbd6665\" data-element_type=\"widget\" data-e-type=\"widget\" data-widget_type=\"text-editor.default\">\n\t\t\t\t<div class=\"elementor-widget-container\">\n\t\t\t\t\t\t\t\t\t<p>Creemos en el poder de la colaboraci\u00f3n para impulsar un cambio significativo en el mundo. Por eso estamos abiertos a trabajar en diversos proyectos con socios afines que compartan nuestras causas.<\/p><p class=\"translation-block\">Tanto tu foco es en <strong>ecolog\u00eda, protecci\u00f3n del medio ambiente, derechos humanos, derechos de los animales o desarrollo sostenible<\/strong>, estamos deseando explorar posibles oportunidades de colaboraci\u00f3n con usted. Somos conscientes de la urgente necesidad de actuar en estos temas cr\u00edticos y nos comprometemos a poner de nuestra parte para lograr un impacto positivo.<\/p><p class=\"translation-block\">Podemos aprovechar nuestra <strong>experiencia colectiva, recursos y redes para impulsar soluciones innovadoras..<\/strong> As\u00ed que si est\u00e1s interesado en asociarte con nosotros, te animamos a que te pongas en contacto e iniciemos una conversaci\u00f3n hoy mismo. Trabajemos juntos para crear un futuro mejor para todos.<\/p>\t\t\t\t\t\t\t\t<\/div>\n\t\t\t\t<\/div>\n\t\t\t\t<div class=\"elementor-element elementor-element-dec2e00 elementor-mobile-align-center elementor-widget elementor-widget-button\" data-id=\"dec2e00\" data-element_type=\"widget\" data-e-type=\"widget\" data-widget_type=\"button.default\">\n\t\t\t\t<div class=\"elementor-widget-container\">\n\t\t\t\t\t\t\t\t\t<div class=\"elementor-button-wrapper\">\n\t\t\t\t\t<a class=\"elementor-button elementor-button-link elementor-size-sm\" href=\"https:\/\/o2porlavida.es\/es\/category\/other-projects\/\">\n\t\t\t\t\t\t<span class=\"elementor-button-content-wrapper\">\n\t\t\t\t\t\t\t\t\t<span class=\"elementor-button-text\">Explorar<\/span>\n\t\t\t\t\t<\/span>\n\t\t\t\t\t<\/a>\n\t\t\t\t<\/div>\n\t\t\t\t\t\t\t\t<\/div>\n\t\t\t\t<\/div>\n\t\t\t\t\t<\/div>\n\t\t<\/div>\n\t\t\t\t<div class=\"elementor-column elementor-col-50 elementor-top-column elementor-element elementor-element-ef420e9\" data-id=\"ef420e9\" data-element_type=\"column\" data-e-type=\"column\" data-settings=\"{&quot;background_background&quot;:&quot;classic&quot;}\">\n\t\t\t<div class=\"elementor-widget-wrap elementor-element-populated\">\n\t\t\t\t\t\t<div class=\"elementor-element elementor-element-4a6a352 elementor-widget elementor-widget-image\" data-id=\"4a6a352\" data-element_type=\"widget\" data-e-type=\"widget\" data-widget_type=\"image.default\">\n\t\t\t\t<div class=\"elementor-widget-container\">\n\t\t\t\t\t\t\t\t\t\t\t\t\t\t\t<img decoding=\"async\" width=\"1024\" height=\"768\" data-src=\"https:\/\/o2porlavida.es\/wp-content\/uploads\/2023\/02\/288636719_10228916632609346_8592494900267119760_n-1024x768.jpg\" class=\"attachment-large size-large wp-image-1939 lazyload\" alt=\"\" data-srcset=\"https:\/\/o2porlavida.es\/wp-content\/uploads\/2023\/02\/288636719_10228916632609346_8592494900267119760_n-1024x768.jpg 1024w, https:\/\/o2porlavida.es\/wp-content\/uploads\/2023\/02\/288636719_10228916632609346_8592494900267119760_n-300x225.jpg 300w, https:\/\/o2porlavida.es\/wp-content\/uploads\/2023\/02\/288636719_10228916632609346_8592494900267119760_n-768x576.jpg 768w, https:\/\/o2porlavida.es\/wp-content\/uploads\/2023\/02\/288636719_10228916632609346_8592494900267119760_n-1536x1152.jpg 1536w, https:\/\/o2porlavida.es\/wp-content\/uploads\/2023\/02\/288636719_10228916632609346_8592494900267119760_n-scaled.jpg 1800w\" data-sizes=\"(max-width: 1024px) 100vw, 1024px\" src=\"data:image\/svg+xml;base64,PHN2ZyB3aWR0aD0iMSIgaGVpZ2h0PSIxIiB4bWxucz0iaHR0cDovL3d3dy53My5vcmcvMjAwMC9zdmciPjwvc3ZnPg==\" style=\"--smush-placeholder-width: 1024px; --smush-placeholder-aspect-ratio: 1024\/768;\" \/>\t\t\t\t\t\t\t\t\t\t\t\t\t\t\t<\/div>\n\t\t\t\t<\/div>\n\t\t\t\t\t<\/div>\n\t\t<\/div>\n\t\t\t\t\t<\/div>\n\t\t<\/section>\n\t\t\t\t<section class=\"elementor-section elementor-top-section elementor-element elementor-element-43347ca5 elementor-section-content-middle elementor-section-boxed elementor-section-height-default elementor-section-height-default\" data-id=\"43347ca5\" data-element_type=\"section\" data-e-type=\"section\" data-settings=\"{&quot;background_background&quot;:&quot;classic&quot;}\">\n\t\t\t\t\t\t<div class=\"elementor-container elementor-column-gap-default\">\n\t\t\t\t\t<div class=\"elementor-column elementor-col-100 elementor-top-column elementor-element elementor-element-5ab33d4e\" data-id=\"5ab33d4e\" data-element_type=\"column\" data-e-type=\"column\">\n\t\t\t<div class=\"elementor-widget-wrap elementor-element-populated\">\n\t\t\t\t\t\t<div class=\"elementor-element elementor-element-7e15098d elementor-widget elementor-widget-heading\" data-id=\"7e15098d\" data-element_type=\"widget\" data-e-type=\"widget\" data-widget_type=\"heading.default\">\n\t\t\t\t<div class=\"elementor-widget-container\">\n\t\t\t\t\t<h4 class=\"elementor-heading-title elementor-size-default\">HABLA CON NOSOTROS<\/h4>\t\t\t\t<\/div>\n\t\t\t\t<\/div>\n\t\t\t\t<div class=\"elementor-element elementor-element-606dc958 elementor-widget elementor-widget-text-editor\" data-id=\"606dc958\" data-element_type=\"widget\" data-e-type=\"widget\" data-widget_type=\"text-editor.default\">\n\t\t\t\t<div class=\"elementor-widget-container\">\n\t\t\t\t\t\t\t\t\t<p>\u00bfTienes alguna pregunta? Siempre estamos abiertos a hablar de nuevas ideas, nuevos proyectos, oportunidades creativas y colaboraciones.<\/p><p><br><\/p>\t\t\t\t\t\t\t\t<\/div>\n\t\t\t\t<\/div>\n\t\t\t\t<div class=\"elementor-element elementor-element-1bcfbb84 elementor-align-center elementor-widget elementor-widget-button\" data-id=\"1bcfbb84\" data-element_type=\"widget\" data-e-type=\"widget\" data-widget_type=\"button.default\">\n\t\t\t\t<div class=\"elementor-widget-container\">\n\t\t\t\t\t\t\t\t\t<div class=\"elementor-button-wrapper\">\n\t\t\t\t\t<a class=\"elementor-button elementor-button-link elementor-size-sm elementor-animation-grow\" href=\"https:\/\/o2porlavida.es\/es\/contact\/\">\n\t\t\t\t\t\t<span class=\"elementor-button-content-wrapper\">\n\t\t\t\t\t\t\t\t\t<span class=\"elementor-button-text\">Cont\u00e1ctanos<\/span>\n\t\t\t\t\t<\/span>\n\t\t\t\t\t<\/a>\n\t\t\t\t<\/div>\n\t\t\t\t\t\t\t\t<\/div>\n\t\t\t\t<\/div>\n\t\t\t\t\t<\/div>\n\t\t<\/div>\n\t\t\t\t\t<\/div>\n\t\t<\/section>\n\t\t\t\t<\/div>","protected":false},"excerpt":{"rendered":"<p>Local projects We believe that change begins at the local level, and that&#8217;s why we&#8217;re committed to work with the canarian community to create a better future. Our organization is dedicated to promoting sustainability and environmental protection through a variety of projects and initiatives: Voluntary activities Organizing camps and workshops\u00a0 Raise awareness of environmental education. [&hellip;]<\/p>\n","protected":false},"author":1,"featured_media":0,"parent":0,"menu_order":0,"comment_status":"closed","ping_status":"closed","template":"","meta":{"site-container-style":"default","site-container-layout":"default","site-sidebar-layout":"no-sidebar","disable-article-header":"default","disable-site-header":"default","disable-site-footer":"default","disable-content-area-spacing":"default","footnotes":""},"class_list":["post-15","page","type-page","status-publish","hentry"],"yoast_head":"<!-- This site is optimized with the Yoast SEO plugin v27.4 - https:\/\/yoast.com\/product\/yoast-seo-wordpress\/ -->\n<title>Projects | O2 Por La Vida \u2013 Sustainability projects in Gran Canaria<\/title>\n<meta name=\"description\" content=\"Explore projects by O2 Por La Vida focused on sustainability, environmental education and Erasmus+ youth initiatives in Gran Canaria.\" \/>\n<meta name=\"robots\" content=\"index, follow, max-snippet:-1, max-image-preview:large, max-video-preview:-1\" \/>\n<link rel=\"canonical\" href=\"https:\/\/o2porlavida.es\/es\/projects\/\" \/>\n<meta property=\"og:locale\" content=\"es_ES\" \/>\n<meta property=\"og:type\" content=\"article\" \/>\n<meta property=\"og:title\" content=\"Projects | O2 Por La Vida \u2013 Sustainability projects in Gran Canaria\" \/>\n<meta property=\"og:description\" content=\"Explore projects by O2 Por La Vida focused on sustainability, environmental education and Erasmus+ youth initiatives in Gran Canaria.\" \/>\n<meta property=\"og:url\" content=\"https:\/\/o2porlavida.es\/es\/projects\/\" \/>\n<meta property=\"og:site_name\" content=\"O2 porlavida\" \/>\n<meta property=\"article:publisher\" content=\"https:\/\/www.facebook.com\/O2porlavida\" \/>\n<meta property=\"article:modified_time\" content=\"2026-03-19T18:15:32+00:00\" \/>\n<meta property=\"og:image\" content=\"https:\/\/o2porlavida.es\/wp-content\/uploads\/2023\/04\/Imagen-de-WhatsApp-2023-03-31-a-las-14.04.18-1024x768.jpg\" \/>\n<meta name=\"twitter:card\" content=\"summary_large_image\" \/>\n<meta name=\"twitter:label1\" content=\"Est. reading time\" \/>\n\t<meta name=\"twitter:data1\" content=\"2 minutes\" \/>\n<script type=\"application\/ld+json\" class=\"yoast-schema-graph\">{\"@context\":\"https:\\\/\\\/schema.org\",\"@graph\":[{\"@type\":\"WebPage\",\"@id\":\"https:\\\/\\\/o2porlavida.es\\\/projects\\\/\",\"url\":\"https:\\\/\\\/o2porlavida.es\\\/projects\\\/\",\"name\":\"Projects | O2 Por La Vida \u2013 Sustainability projects in Gran Canaria\",\"isPartOf\":{\"@id\":\"https:\\\/\\\/o2porlavida.es\\\/#website\"},\"primaryImageOfPage\":{\"@id\":\"https:\\\/\\\/o2porlavida.es\\\/projects\\\/#primaryimage\"},\"image\":{\"@id\":\"https:\\\/\\\/o2porlavida.es\\\/projects\\\/#primaryimage\"},\"thumbnailUrl\":\"https:\\\/\\\/o2porlavida.es\\\/wp-content\\\/uploads\\\/2023\\\/04\\\/Imagen-de-WhatsApp-2023-03-31-a-las-14.04.18-1024x768.jpg\",\"datePublished\":\"2021-11-21T15:14:41+00:00\",\"dateModified\":\"2026-03-19T18:15:32+00:00\",\"description\":\"Explore projects by O2 Por La Vida focused on sustainability, environmental education and Erasmus+ youth initiatives in Gran Canaria.\",\"breadcrumb\":{\"@id\":\"https:\\\/\\\/o2porlavida.es\\\/projects\\\/#breadcrumb\"},\"inLanguage\":\"es-ES\",\"potentialAction\":[{\"@type\":\"ReadAction\",\"target\":[\"https:\\\/\\\/o2porlavida.es\\\/projects\\\/\"]}]},{\"@type\":\"ImageObject\",\"inLanguage\":\"es-ES\",\"@id\":\"https:\\\/\\\/o2porlavida.es\\\/projects\\\/#primaryimage\",\"url\":\"https:\\\/\\\/o2porlavida.es\\\/wp-content\\\/uploads\\\/2023\\\/04\\\/Imagen-de-WhatsApp-2023-03-31-a-las-14.04.18-1024x768.jpg\",\"contentUrl\":\"https:\\\/\\\/o2porlavida.es\\\/wp-content\\\/uploads\\\/2023\\\/04\\\/Imagen-de-WhatsApp-2023-03-31-a-las-14.04.18-1024x768.jpg\"},{\"@type\":\"BreadcrumbList\",\"@id\":\"https:\\\/\\\/o2porlavida.es\\\/projects\\\/#breadcrumb\",\"itemListElement\":[{\"@type\":\"ListItem\",\"position\":1,\"name\":\"Home\",\"item\":\"https:\\\/\\\/o2porlavida.es\\\/\"},{\"@type\":\"ListItem\",\"position\":2,\"name\":\"Projects\"}]},{\"@type\":\"WebSite\",\"@id\":\"https:\\\/\\\/o2porlavida.es\\\/#website\",\"url\":\"https:\\\/\\\/o2porlavida.es\\\/\",\"name\":\"O2 porlavida\",\"description\":\"Environmental Organization\",\"publisher\":{\"@id\":\"https:\\\/\\\/o2porlavida.es\\\/#organization\"},\"potentialAction\":[{\"@type\":\"SearchAction\",\"target\":{\"@type\":\"EntryPoint\",\"urlTemplate\":\"https:\\\/\\\/o2porlavida.es\\\/?s={search_term_string}\"},\"query-input\":{\"@type\":\"PropertyValueSpecification\",\"valueRequired\":true,\"valueName\":\"search_term_string\"}}],\"inLanguage\":\"es-ES\"},{\"@type\":\"Organization\",\"@id\":\"https:\\\/\\\/o2porlavida.es\\\/#organization\",\"name\":\"O2 porlavida\",\"url\":\"https:\\\/\\\/o2porlavida.es\\\/\",\"logo\":{\"@type\":\"ImageObject\",\"inLanguage\":\"es-ES\",\"@id\":\"https:\\\/\\\/o2porlavida.es\\\/#\\\/schema\\\/logo\\\/image\\\/\",\"url\":\"\",\"contentUrl\":\"\",\"caption\":\"O2 porlavida\"},\"image\":{\"@id\":\"https:\\\/\\\/o2porlavida.es\\\/#\\\/schema\\\/logo\\\/image\\\/\"},\"sameAs\":[\"https:\\\/\\\/www.facebook.com\\\/O2porlavida\"]}]}<\/script>\n<!-- \/ Yoast SEO plugin. -->","yoast_head_json":{"title":"Projects | O2 Por La Vida \u2013 Sustainability projects in Gran Canaria","description":"Explore projects by O2 Por La Vida focused on sustainability, environmental education and Erasmus+ youth initiatives in Gran Canaria.","robots":{"index":"index","follow":"follow","max-snippet":"max-snippet:-1","max-image-preview":"max-image-preview:large","max-video-preview":"max-video-preview:-1"},"canonical":"https:\/\/o2porlavida.es\/es\/projects\/","og_locale":"es_ES","og_type":"article","og_title":"Projects | O2 Por La Vida \u2013 Sustainability projects in Gran Canaria","og_description":"Explore projects by O2 Por La Vida focused on sustainability, environmental education and Erasmus+ youth initiatives in Gran Canaria.","og_url":"https:\/\/o2porlavida.es\/es\/projects\/","og_site_name":"O2 porlavida","article_publisher":"https:\/\/www.facebook.com\/O2porlavida","article_modified_time":"2026-03-19T18:15:32+00:00","og_image":[{"url":"https:\/\/o2porlavida.es\/wp-content\/uploads\/2023\/04\/Imagen-de-WhatsApp-2023-03-31-a-las-14.04.18-1024x768.jpg","type":"","width":"","height":""}],"twitter_card":"summary_large_image","twitter_misc":{"Est. reading time":"2 minutes"},"schema":{"@context":"https:\/\/schema.org","@graph":[{"@type":"WebPage","@id":"https:\/\/o2porlavida.es\/projects\/","url":"https:\/\/o2porlavida.es\/projects\/","name":"Projects | O2 Por La Vida \u2013 Sustainability projects in Gran Canaria","isPartOf":{"@id":"https:\/\/o2porlavida.es\/#website"},"primaryImageOfPage":{"@id":"https:\/\/o2porlavida.es\/projects\/#primaryimage"},"image":{"@id":"https:\/\/o2porlavida.es\/projects\/#primaryimage"},"thumbnailUrl":"https:\/\/o2porlavida.es\/wp-content\/uploads\/2023\/04\/Imagen-de-WhatsApp-2023-03-31-a-las-14.04.18-1024x768.jpg","datePublished":"2021-11-21T15:14:41+00:00","dateModified":"2026-03-19T18:15:32+00:00","description":"Explore projects by O2 Por La Vida focused on sustainability, environmental education and Erasmus+ youth initiatives in Gran Canaria.","breadcrumb":{"@id":"https:\/\/o2porlavida.es\/projects\/#breadcrumb"},"inLanguage":"es-ES","potentialAction":[{"@type":"ReadAction","target":["https:\/\/o2porlavida.es\/projects\/"]}]},{"@type":"ImageObject","inLanguage":"es-ES","@id":"https:\/\/o2porlavida.es\/projects\/#primaryimage","url":"https:\/\/o2porlavida.es\/wp-content\/uploads\/2023\/04\/Imagen-de-WhatsApp-2023-03-31-a-las-14.04.18-1024x768.jpg","contentUrl":"https:\/\/o2porlavida.es\/wp-content\/uploads\/2023\/04\/Imagen-de-WhatsApp-2023-03-31-a-las-14.04.18-1024x768.jpg"},{"@type":"BreadcrumbList","@id":"https:\/\/o2porlavida.es\/projects\/#breadcrumb","itemListElement":[{"@type":"ListItem","position":1,"name":"Home","item":"https:\/\/o2porlavida.es\/"},{"@type":"ListItem","position":2,"name":"Projects"}]},{"@type":"WebSite","@id":"https:\/\/o2porlavida.es\/#website","url":"https:\/\/o2porlavida.es\/","name":"O2 porlavida","description":"Environmental Organization","publisher":{"@id":"https:\/\/o2porlavida.es\/#organization"},"potentialAction":[{"@type":"SearchAction","target":{"@type":"EntryPoint","urlTemplate":"https:\/\/o2porlavida.es\/?s={search_term_string}"},"query-input":{"@type":"PropertyValueSpecification","valueRequired":true,"valueName":"search_term_string"}}],"inLanguage":"es-ES"},{"@type":"Organization","@id":"https:\/\/o2porlavida.es\/#organization","name":"O2 porlavida","url":"https:\/\/o2porlavida.es\/","logo":{"@type":"ImageObject","inLanguage":"es-ES","@id":"https:\/\/o2porlavida.es\/#\/schema\/logo\/image\/","url":"","contentUrl":"","caption":"O2 porlavida"},"image":{"@id":"https:\/\/o2porlavida.es\/#\/schema\/logo\/image\/"},"sameAs":["https:\/\/www.facebook.com\/O2porlavida"]}]}},"jetpack_sharing_enabled":true,"_links":{"self":[{"href":"https:\/\/o2porlavida.es\/es\/wp-json\/wp\/v2\/pages\/15","targetHints":{"allow":["GET"]}}],"collection":[{"href":"https:\/\/o2porlavida.es\/es\/wp-json\/wp\/v2\/pages"}],"about":[{"href":"https:\/\/o2porlavida.es\/es\/wp-json\/wp\/v2\/types\/page"}],"author":[{"embeddable":true,"href":"https:\/\/o2porlavida.es\/es\/wp-json\/wp\/v2\/users\/1"}],"replies":[{"embeddable":true,"href":"https:\/\/o2porlavida.es\/es\/wp-json\/wp\/v2\/comments?post=15"}],"version-history":[{"count":38,"href":"https:\/\/o2porlavida.es\/es\/wp-json\/wp\/v2\/pages\/15\/revisions"}],"predecessor-version":[{"id":3776,"href":"https:\/\/o2porlavida.es\/es\/wp-json\/wp\/v2\/pages\/15\/revisions\/3776"}],"wp:attachment":[{"href":"https:\/\/o2porlavida.es\/es\/wp-json\/wp\/v2\/media?parent=15"}],"curies":[{"name":"wp","href":"https:\/\/api.w.org\/{rel}","templated":true}]}}